{"id":16,"date":"2020-06-11T10:58:35","date_gmt":"2020-06-11T15:58:35","guid":{"rendered":"http:\/\/fcpccentrosur.com.ec\/?page_id=16"},"modified":"2025-09-25T12:07:16","modified_gmt":"2025-09-25T17:07:16","slug":"inicio","status":"publish","type":"page","link":"http:\/\/fcpccentrosur.com.ec\/","title":{"rendered":"Inicio"},"content":{"rendered":"<p>[vc_row full_width=\u00bbstretch_row\u00bb full_height=\u00bbyes\u00bb css=\u00bb.vc_custom_1596222387723{background-image: url(http:\/\/fcpccentrosur.com.ec\/wp-content\/uploads\/2020\/07\/slide01.png?id=180) !important;background-position: center !important;background-repeat: no-repeat !important;background-size: cover !important;}\u00bb el_class=\u00bbhome-slider home-slider-desktop\u00bb][vc_column][vc_column_text]<\/p>\n<h3 style=\"text-align: center;\">Fondo Complementario Previsional de Cesant\u00eda FCPC de los Trabajadores<br \/>\nde la Empresa El\u00e9ctrica Regional Centro Sur C.A.<\/h3>\n<p style=\"text-align: center;\"><a class=\"btn btn-primary\" href=\"#contactos\">SOLICITAR INFORMACI\u00d3N<\/a><\/p>\n<p>[\/vc_column_text][\/vc_column][\/vc_row][vc_row full_width=\u00bbstretch_row\u00bb css=\u00bb.vc_custom_1596225436142{background-image: url(http:\/\/fcpccentrosur.com.ec\/wp-content\/uploads\/2020\/07\/slide01.png?id=180) !important;background-position: center !important;background-repeat: no-repeat !important;background-size: cover !important;}\u00bb el_class=\u00bbhome-slider\u00bb][vc_column offset=\u00bbvc_hidden-lg vc_hidden-md vc_hidden-sm\u00bb][vc_column_text css=\u00bb.vc_custom_1596225413856{margin-top: 40px !important;margin-bottom: 40px !important;}\u00bb]<\/p>\n<p style=\"text-align: center;\"><a class=\"btn btn-primary\" href=\"#contactos\">SOLICITAR INFORMACI\u00d3N<\/a><\/p>\n<p>[\/vc_column_text][\/vc_column][\/vc_row][vc_row full_width=\u00bbstretch_row\u00bb content_placement=\u00bbmiddle\u00bb css=\u00bb.vc_custom_1596423748343{padding-top: 40px !important;padding-bottom: 40px !important;background: #fcfcfc url(http:\/\/fcpccentrosur.com.ec\/wp-content\/uploads\/2020\/07\/bg_quienes_somos.png?id=190) !important;background-position: center !important;background-repeat: no-repeat !important;background-size: cover !important;}\u00bb][vc_column][vc_row_inner gap=\u00bb30&#8243;][vc_column_inner][vc_single_image image=\u00bb274&#8243; img_size=\u00bbfull\u00bb alignment=\u00bbcenter\u00bb][\/vc_column_inner][\/vc_row_inner][vc_column_text]<\/p>\n<p style=\"text-align: center;\"><a href=\"http:\/\/fcpccentrosur.com.ec\/wp-content\/uploads\/2022\/09\/Solicitud_Postulantes.pdf\" target=\"_blank\" rel=\"noopener noreferrer\">Solicitud Postulantes<\/a><\/p>\n<p style=\"text-align: center;\"><a href=\"http:\/\/fcpccentrosur.com.ec\/wp-content\/uploads\/2022\/09\/2.ReglamentoDesignaci\u00f3nRepresentanteLegal.pdf\" target=\"_blank\" rel=\"noopener noreferrer\">Reglamento Designaci\u00f3n de Representante Legal<\/a><\/p>\n<p>[\/vc_column_text][\/vc_column][\/vc_row][vc_row full_width=\u00bbstretch_row\u00bb content_placement=\u00bbmiddle\u00bb css=\u00bb.vc_custom_1596423748343{padding-top: 40px !important;padding-bottom: 40px !important;background: #fcfcfc url(http:\/\/fcpccentrosur.com.ec\/wp-content\/uploads\/2020\/07\/bg_quienes_somos.png?id=190) !important;background-position: center !important;background-repeat: no-repeat !important;background-size: cover !important;}\u00bb el_id=\u00bbbeneficios\u00bb][vc_column][vc_row_inner gap=\u00bb30&#8243;][vc_column_inner width=\u00bb1\/2&#8243;][vc_single_image image=\u00bb193&#8243; img_size=\u00bbfull\u00bb][\/vc_column_inner][vc_column_inner width=\u00bb1\/2&#8243;][vc_column_text]<\/p>\n<h2 style=\"text-align: left;\"><span style=\"color: #ffffff;\">Acerca de nosotros<\/span><\/h2>\n<p>[\/vc_column_text][vc_column_text]<span style=\"color: #ffffff;\">El Fondo Complementario Previsional de Cesant\u00eda FCPC de los Trabajadores de la Empresa El\u00e9ctrica Regional Centro Sur C.A., fue creado mediante Resoluci\u00f3n No. SBS-2007-277 de fecha 10 de abril del 2007 y publicada en el Registro Oficial No. 77 de fecha 4 de mayo del 2007.<\/span>[\/vc_column_text][\/vc_column_inner][\/vc_row_inner][\/vc_column][\/vc_row][vc_section full_width=\u00bbstretch_row\u00bb full_height=\u00bbyes\u00bb content_placement=\u00bbmiddle\u00bb css=\u00bb.vc_custom_1598393056164{padding-top: 40px !important;padding-bottom: 40px !important;background-color: #f5f5f5 !important;}\u00bb el_id=\u00bbopciones\u00bb][vc_row][vc_column][vc_column_text]<\/p>\n<h2 style=\"text-align: center;\">Tipos de cr\u00e9ditos ofertados:<\/h2>\n<p>[\/vc_column_text][\/vc_column][\/vc_row][vc_row gap=\u00bb20&#8243; equal_height=\u00bbyes\u00bb content_placement=\u00bbtop\u00bb css=\u00bb.vc_custom_1598393113934{padding-right: 20px !important;padding-left: 20px !important;background-position: center !important;background-repeat: no-repeat !important;background-size: cover !important;}\u00bb][vc_column width=\u00bb1\/3&#8243; css=\u00bb.vc_custom_1603731009816{padding-top: 32px !important;padding-right: 32px !important;padding-bottom: 32px !important;padding-left: 32px !important;}\u00bb][\/vc_column][vc_column width=\u00bb1\/3&#8243; css=\u00bb.vc_custom_1598393301351{padding-top: 32px !important;padding-right: 32px !important;padding-bottom: 32px !important;padding-left: 32px !important;background-color: #ffffff !important;}\u00bb][vc_single_image image=\u00bb200&#8243; img_size=\u00bb70&#215;70&#8243; alignment=\u00bbcenter\u00bb][vc_column_text]<\/p>\n<h4 style=\"text-align: center;\"><span style=\"color: #f17c3b;\">Cr\u00e9dito Quirografario<\/span><\/h4>\n<p style=\"text-align: center;\">Pr\u00e9stamos Quirografarios con una tasa de inter\u00e9s del 7% y un plazo de<br \/>\n84 meses<\/p>\n<p>[\/vc_column_text][\/vc_column][vc_column width=\u00bb1\/3&#8243; css=\u00bb.vc_custom_1603731014496{padding-top: 32px !important;padding-right: 32px !important;padding-bottom: 32px !important;padding-left: 32px !important;}\u00bb][\/vc_column][\/vc_row][\/vc_section][vc_section full_width=\u00bbstretch_row\u00bb css=\u00bb.vc_custom_1591979183020{padding-top: 80px !important;padding-bottom: 80px !important;background-color: #f7f7f7 !important;}\u00bb][vc_row][vc_column width=\u00bb1\/2&#8243;][vc_column_text el_class=\u00bbcard-default\u00bb]<\/p>\n<h4>Misi\u00f3n<\/h4>\n<p>Ofrecer un portafolio de servicios y productos financieros, disponible para todos nuestros part\u00edcipes, con eficiencia, oportunidad y competitividad, satisfaciendo sus necesidades y expectativas, dentro de un marco de profesionalismo y transparencia, que garantice en el tiempo su rentabilidad y sostenibilidad, en estricto apego al marco legal vigente.[\/vc_column_text][\/vc_column][vc_column width=\u00bb1\/2&#8243;][vc_column_text el_class=\u00bbcard-default\u00bb]<\/p>\n<h4>Visi\u00f3n<\/h4>\n<p>Ser reconocido como un Fondo de Cesant\u00eda l\u00edder a nivel nacional, por sus altos niveles de eficiencia en el otorgamiento de productos y servicios financieros, en beneficio de todos sus part\u00edcipes, contribuyendo a su desarrollo integral y de sus respectivas familias.[\/vc_column_text][\/vc_column][\/vc_row][\/vc_section][vc_row css=\u00bb.vc_custom_1598716155842{padding-top: 80px !important;padding-bottom: 80px !important;}\u00bb el_id=\u00bbobjeto-social\u00bb][vc_column][vc_column_text]<\/p>\n<h2>Objeto social<\/h2>\n<p>Es un Fondo Complementario Previsional que otorga la prestaci\u00f3n de Cesant\u00eda, una sociedad sin fines de lucro, cuyo prop\u00f3sito es administrar el ahorro mensual de sus part\u00edcipes en cuentas individuales para hacer frente a las contingencias futuras por retiro de la Empresa El\u00e9ctrica Regional Centro Sur.[\/vc_column_text][\/vc_column][\/vc_row][vc_row el_id=\u00bbcontactos\u00bb][vc_column]<div role=\"form\" class=\"wpcf7\" id=\"wpcf7-f104-o1\" lang=\"es-ES\" dir=\"ltr\">\n<div class=\"screen-reader-response\" aria-live=\"polite\"><\/div>\n<form action=\"\/index.php?rest_route=%2Fwp%2Fv2%2Fpages%2F16#wpcf7-f104-o1\" method=\"post\" class=\"wpcf7-form\" novalidate=\"novalidate\">\n<div style=\"display: none;\">\n<input type=\"hidden\" name=\"_wpcf7\" value=\"104\" \/>\n<input type=\"hidden\" name=\"_wpcf7_version\" value=\"5.1.9\" \/>\n<input type=\"hidden\" name=\"_wpcf7_locale\" value=\"es_ES\" \/>\n<input type=\"hidden\" name=\"_wpcf7_unit_tag\" value=\"wpcf7-f104-o1\" \/>\n<input type=\"hidden\" name=\"_wpcf7_container_post\" value=\"0\" \/>\n<\/div>\n<h2>Para m\u00e1s informaci\u00f3n completa tus datos<\/h2>\n<div class=\"row\">\n<div class=\"col-6\">\n<div class=\"form-group\">\n<label>Nombre completo (obligatorio)<\/label><br \/>\n    <span class=\"wpcf7-form-control-wrap nombre\"><input type=\"text\" name=\"nombre\" value=\"\" size=\"40\" class=\"wpcf7-form-control wpcf7-text wpcf7-validates-as-required form-control\" aria-required=\"true\" aria-invalid=\"false\" \/><\/span>\n<\/div>\n<div class=\"form-group\">\n<label>Correo electr\u00f3nico (obligatorio)<\/label><br \/>\n    <span class=\"wpcf7-form-control-wrap e-mail\"><input type=\"email\" name=\"e-mail\" value=\"\" size=\"40\" class=\"wpcf7-form-control wpcf7-text wpcf7-email wpcf7-validates-as-required wpcf7-validates-as-email form-control\" aria-required=\"true\" aria-invalid=\"false\" \/><\/span>\n<\/div>\n<div class=\"form-group\">\n<label>Tel\u00e9fono<\/label><br \/>\n    <span class=\"wpcf7-form-control-wrap telefono\"><input type=\"text\" name=\"telefono\" value=\"\" size=\"40\" class=\"wpcf7-form-control wpcf7-text form-control\" aria-invalid=\"false\" \/><\/span>\n<\/div>\n<\/div>\n<div class=\"col-6\">\n<div class=\"form-group\">\n<label>Ingreso de:<\/label><br \/>\n<span class=\"wpcf7-form-control-wrap tipo\"><span class=\"wpcf7-form-control wpcf7-radio\"><span class=\"wpcf7-list-item first\"><input type=\"radio\" name=\"tipo\" value=\"Consulta\" \/><span class=\"wpcf7-list-item-label\">Consulta<\/span><\/span><span class=\"wpcf7-list-item\"><input type=\"radio\" name=\"tipo\" value=\"Queja\" \/><span class=\"wpcf7-list-item-label\">Queja<\/span><\/span><span class=\"wpcf7-list-item last\"><input type=\"radio\" name=\"tipo\" value=\"Reclamo\" \/><span class=\"wpcf7-list-item-label\">Reclamo<\/span><\/span><\/span><\/span>\n<\/div>\n<p><label>Inter\u00e9s (obligatorio)<\/label><br \/>\n    <span class=\"wpcf7-form-control-wrap interes\"><input type=\"text\" name=\"interes\" value=\"\" size=\"40\" class=\"wpcf7-form-control wpcf7-text wpcf7-validates-as-required form-control\" aria-required=\"true\" aria-invalid=\"false\" \/><\/span>\n<\/div>\n<div>\n<input type=\"submit\" value=\"Enviar\" class=\"wpcf7-form-control wpcf7-submit btn btn-primary btn-block\" id=\"send\" \/><\/p>\n<div\/>\n<p>\n<a href=\"\/wp-content\/uploads\/2020\/11\/FCPCTrabajadoresEERCS.pdf\">FORMULARIO F\u00cdSICO Consultas Quejas y\/o Reclamos<\/a><\/p>\n<\/div>\n<\/div>\n<div class=\"wpcf7-response-output wpcf7-display-none\" aria-hidden=\"true\"><\/div><\/form><\/div>[vc_row_inner css=\u00bb.vc_custom_1658418740864{padding-bottom: 20px !important;}\u00bb][vc_column_inner width=\u00bb1\/2&#8243;][\/vc_column_inner][vc_column_inner width=\u00bb1\/2&#8243; css=\u00bb.vc_custom_1658418701369{background-color: #eded5a !important;}\u00bb][vc_column_text]<span style=\"font-weight: 400;\">Consultas, Quejas, Reclamos al correo electr\u00f3nico:<\/span><\/p>\n<p><span style=\"font-weight: 400;\">alexandra.neira@centrosur.gob.ec<\/span>[\/vc_column_text][\/vc_column_inner][\/vc_row_inner][\/vc_column][\/vc_row]<\/p>\n","protected":false},"excerpt":{"rendered":"<p>[vc_row full_width=\u00bbstretch_row\u00bb full_height=\u00bbyes\u00bb css=\u00bb.vc_custom_1596222387723{background-image: url(http:\/\/fcpccentrosur.com.ec\/wp-content\/uploads\/2020\/07\/slide01.png?id=180) !important;background-position: center !important;background-repeat: no-repeat !important;background-size: cover !important;}\u00bb el_class=\u00bbhome-slider home-slider-desktop\u00bb][vc_column][vc_column_text] Fondo Complementario Previsional de Cesant\u00eda FCPC de los Trabajadores de la Empresa El\u00e9ctrica Regional Centro Sur C.A. SOLICITAR INFORMACI\u00d3N [\/vc_column_text][\/vc_column][\/vc_row][vc_row full_width=\u00bbstretch_row\u00bb css=\u00bb.vc_custom_1596225436142{background-image: url(http:\/\/fcpccentrosur.com.ec\/wp-content\/uploads\/2020\/07\/slide01.png?id=180) !important;background-position: center !important;background-repeat: no-repeat !important;background-size: cover !important;}\u00bb el_class=\u00bbhome-slider\u00bb][vc_column offset=\u00bbvc_hidden-lg vc_hidden-md vc_hidden-sm\u00bb][vc_column_text css=\u00bb.vc_custom_1596225413856{margin-top: 40px !important;margin-bottom: 40px !important;}\u00bb] SOLICITAR INFORMACI\u00d3N &hellip; <a href=\"http:\/\/fcpccentrosur.com.ec\/\">Continued<\/a><\/p>\n","protected":false},"author":1,"featured_media":0,"parent":0,"menu_order":0,"comment_status":"closed","ping_status":"closed","template":"","meta":{"footnotes":""},"_links":{"self":[{"href":"http:\/\/fcpccentrosur.com.ec\/index.php?rest_route=\/wp\/v2\/pages\/16"}],"collection":[{"href":"http:\/\/fcpccentrosur.com.ec\/index.php?rest_route=\/wp\/v2\/pages"}],"about":[{"href":"http:\/\/fcpccentrosur.com.ec\/index.php?rest_route=\/wp\/v2\/types\/page"}],"author":[{"embeddable":true,"href":"http:\/\/fcpccentrosur.com.ec\/index.php?rest_route=\/wp\/v2\/users\/1"}],"replies":[{"embeddable":true,"href":"http:\/\/fcpccentrosur.com.ec\/index.php?rest_route=%2Fwp%2Fv2%2Fcomments&post=16"}],"version-history":[{"count":7,"href":"http:\/\/fcpccentrosur.com.ec\/index.php?rest_route=\/wp\/v2\/pages\/16\/revisions"}],"predecessor-version":[{"id":283,"href":"http:\/\/fcpccentrosur.com.ec\/index.php?rest_route=\/wp\/v2\/pages\/16\/revisions\/283"}],"wp:attachment":[{"href":"http:\/\/fcpccentrosur.com.ec\/index.php?rest_route=%2Fwp%2Fv2%2Fmedia&parent=16"}],"curies":[{"name":"wp","href":"https:\/\/api.w.org\/{rel}","templated":true}]}}